{"id":314,"date":"2026-05-03T12:35:21","date_gmt":"2026-05-03T12:35:21","guid":{"rendered":"http:\/\/test.ninablasband.com\/?post_type=product&#038;p=314"},"modified":"2026-05-12T17:04:19","modified_gmt":"2026-05-12T17:04:19","slug":"sunset-ride-crewneck","status":"publish","type":"product","link":"https:\/\/ninablasband.com\/?product=sunset-ride-crewneck","title":{"rendered":"sunset ride &#8211; crewneck"},"content":{"rendered":"<p>Toi aussi tu r\u00eaves de balades au coucher de soleil, d\u2019aventures \u00e0 l\u2019\u00e9curie et des longues journ\u00e9es pass\u00e9es avec ton cheval ? tu es tomb\u00e9e au bon endroit.<\/p>\n<p>Le tout premier mod\u00e8le Nina Blasband (qui devait aussi \u00eatre le seul mais c\u2019est une longue histoire) qui a lanc\u00e9 toute cette aventure est disponible en crewneck pour qu&rsquo;on puisse amener les vibes de l&rsquo;\u00e9t\u00e9 m\u00eame quand il fait un tout petit peu plus frais.<\/p>\n<p>C\u2019est un pull qui sent le feu de camp, le bon foin frais, les ap\u00e9ros \u00e0 l\u2019\u00e9curie, les longues balades entre copines, les fin de soir\u00e9es \u00e0 cheval et surtout notre amour pour les chevaux.<\/p>\n","protected":false},"excerpt":{"rendered":"<p>Toi aussi tu r\u00eaves de balades au coucher de soleil, d\u2019aventures \u00e0 l\u2019\u00e9curie et des longues journ\u00e9es pass\u00e9es avec ton [&hellip;]<\/p>\n","protected":false},"featured_media":324,"template":"","meta":{"site-sidebar-layout":"default","site-content-layout":"","ast-site-content-layout":"default","site-content-style":"default","site-sidebar-style":"default","ast-global-header-display":"","ast-banner-title-visibility":"","ast-main-header-display":"","ast-hfb-above-header-display":"","ast-hfb-below-header-display":"","ast-hfb-mobile-header-display":"","site-post-title":"","ast-breadcrumbs-content":"","ast-featured-img":"","footer-sml-layout":"","ast-disable-related-posts":"","theme-transparent-header-meta":"default","adv-header-id-meta":"","stick-header-meta":"","header-above-stick-meta":"","header-main-stick-meta":"","header-below-stick-meta":"","astra-migrate-meta-layouts":"set","ast-page-background-enabled":"default","ast-page-background-meta":{"desktop":{"background-color":"var(--ast-global-color-5)","background-image":"","background-repeat":"repeat","background-position":"center center","background-size":"auto","background-attachment":"scroll","background-type":"","background-media":"","overlay-type":"","overlay-color":"","overlay-opacity":"","overlay-gradient":""},"tablet":{"background-color":"","background-image":"","background-repeat":"repeat","background-position":"center center","background-size":"auto","background-attachment":"scroll","background-type":"","background-media":"","overlay-type":"","overlay-color":"","overlay-opacity":"","overlay-gradient":""},"mobile":{"background-color":"","background-image":"","background-repeat":"repeat","background-position":"center center","background-size":"auto","background-attachment":"scroll","background-type":"","background-media":"","overlay-type":"","overlay-color":"","overlay-opacity":"","overlay-gradient":""}},"ast-content-background-meta":{"desktop":{"background-color":"var(--ast-global-color-4)","background-image":"","background-repeat":"repeat","background-position":"center center","background-size":"auto","background-attachment":"scroll","background-type":"","background-media":"","overlay-type":"","overlay-color":"","overlay-opacity":"","overlay-gradient":""},"tablet":{"background-color":"var(--ast-global-color-4)","background-image":"","background-repeat":"repeat","background-position":"center center","background-size":"auto","background-attachment":"scroll","background-type":"","background-media":"","overlay-type":"","overlay-color":"","overlay-opacity":"","overlay-gradient":""},"mobile":{"background-color":"var(--ast-global-color-4)","background-image":"","background-repeat":"repeat","background-position":"center center","background-size":"auto","background-attachment":"scroll","background-type":"","background-media":"","overlay-type":"","overlay-color":"","overlay-opacity":"","overlay-gradient":""}}},"product_brand":[],"product_cat":[21],"product_tag":[],"class_list":{"0":"post-314","1":"product","2":"type-product","3":"status-publish","4":"has-post-thumbnail","6":"product_cat-crewneck","7":"desktop-align-left","8":"tablet-align-left","9":"mobile-align-left","11":"first","12":"instock","13":"shipping-taxable","14":"purchasable","15":"product-type-variable"},"jetpack_sharing_enabled":true,"_links":{"self":[{"href":"https:\/\/ninablasband.com\/index.php?rest_route=\/wp\/v2\/product\/314","targetHints":{"allow":["GET"]}}],"collection":[{"href":"https:\/\/ninablasband.com\/index.php?rest_route=\/wp\/v2\/product"}],"about":[{"href":"https:\/\/ninablasband.com\/index.php?rest_route=\/wp\/v2\/types\/product"}],"version-history":[{"count":4,"href":"https:\/\/ninablasband.com\/index.php?rest_route=\/wp\/v2\/product\/314\/revisions"}],"predecessor-version":[{"id":566,"href":"https:\/\/ninablasband.com\/index.php?rest_route=\/wp\/v2\/product\/314\/revisions\/566"}],"wp:featuredmedia":[{"embeddable":true,"href":"https:\/\/ninablasband.com\/index.php?rest_route=\/wp\/v2\/media\/324"}],"wp:attachment":[{"href":"https:\/\/ninablasband.com\/index.php?rest_route=%2Fwp%2Fv2%2Fmedia&parent=314"}],"wp:term":[{"taxonomy":"product_brand","embeddable":true,"href":"https:\/\/ninablasband.com\/index.php?rest_route=%2Fwp%2Fv2%2Fproduct_brand&post=314"},{"taxonomy":"product_cat","embeddable":true,"href":"https:\/\/ninablasband.com\/index.php?rest_route=%2Fwp%2Fv2%2Fproduct_cat&post=314"},{"taxonomy":"product_tag","embeddable":true,"href":"https:\/\/ninablasband.com\/index.php?rest_route=%2Fwp%2Fv2%2Fproduct_tag&post=314"}],"curies":[{"name":"wp","href":"https:\/\/api.w.org\/{rel}","templated":true}]}}