{"id":292,"date":"2026-05-03T10:13:15","date_gmt":"2026-05-03T10:13:15","guid":{"rendered":"http:\/\/test.ninablasband.com\/?post_type=product&#038;p=292"},"modified":"2026-05-12T17:46:41","modified_gmt":"2026-05-12T17:46:41","slug":"compassion-before-competition","status":"publish","type":"product","link":"https:\/\/ninablasband.com\/?product=compassion-before-competition","title":{"rendered":"compassion before competition"},"content":{"rendered":"<p>Le t-shirt compassion before competition c\u2019est un engagement : celui de promouvoir une culture d\u2019empathie aussi bien envers nos chevaux qu\u2019entres cavaliers dans le monde de l\u2019\u00e9quitation.<\/p>\n<p>Nos chevaux n\u2019ont rien demand\u00e9, ni \u00e0 \u00eatre mont\u00e9, ni \u00e0 \u00eatre travaill\u00e9 ni m\u00eame \u00e0 \u00eatre l\u00e0 donc c\u2019est la moindre des choses qu\u2019on fasse pass\u00e9 leur bien-\u00eatre avant nos objectifs. Ou encore mieux, qu\u2019on fasse de leur bien-\u00eatre notre objectif.<\/p>\n<p>Je suis convaincue que le monde du cheval peut \u00eatre meilleur mais je ne vois pas l\u2019int\u00e9r\u00eat si ce n\u2019est pas en tant que communaut\u00e9. Alors ce t-shirt c\u2019est un rappel que la bienveillance nous m\u00e8nera toujours plus loin que la violence, la critique ou la competition.<\/p>\n","protected":false},"excerpt":{"rendered":"<p>Le t-shirt compassion before competition c\u2019est un engagement : celui de promouvoir une culture d\u2019empathie aussi bien envers nos chevaux [&hellip;]<\/p>\n","protected":false},"featured_media":301,"template":"","meta":{"site-sidebar-layout":"default","site-content-layout":"","ast-site-content-layout":"default","site-content-style":"default","site-sidebar-style":"default","ast-global-header-display":"","ast-banner-title-visibility":"","ast-main-header-display":"","ast-hfb-above-header-display":"","ast-hfb-below-header-display":"","ast-hfb-mobile-header-display":"","site-post-title":"","ast-breadcrumbs-content":"","ast-featured-img":"","footer-sml-layout":"","ast-disable-related-posts":"","theme-transparent-header-meta":"default","adv-header-id-meta":"","stick-header-meta":"","header-above-stick-meta":"","header-main-stick-meta":"","header-below-stick-meta":"","astra-migrate-meta-layouts":"set","ast-page-background-enabled":"default","ast-page-background-meta":{"desktop":{"background-color":"var(--ast-global-color-5)","background-image":"","background-repeat":"repeat","background-position":"center center","background-size":"auto","background-attachment":"scroll","background-type":"","background-media":"","overlay-type":"","overlay-color":"","overlay-opacity":"","overlay-gradient":""},"tablet":{"background-color":"","background-image":"","background-repeat":"repeat","background-position":"center center","background-size":"auto","background-attachment":"scroll","background-type":"","background-media":"","overlay-type":"","overlay-color":"","overlay-opacity":"","overlay-gradient":""},"mobile":{"background-color":"","background-image":"","background-repeat":"repeat","background-position":"center center","background-size":"auto","background-attachment":"scroll","background-type":"","background-media":"","overlay-type":"","overlay-color":"","overlay-opacity":"","overlay-gradient":""}},"ast-content-background-meta":{"desktop":{"background-color":"var(--ast-global-color-4)","background-image":"","background-repeat":"repeat","background-position":"center center","background-size":"auto","background-attachment":"scroll","background-type":"","background-media":"","overlay-type":"","overlay-color":"","overlay-opacity":"","overlay-gradient":""},"tablet":{"background-color":"var(--ast-global-color-4)","background-image":"","background-repeat":"repeat","background-position":"center center","background-size":"auto","background-attachment":"scroll","background-type":"","background-media":"","overlay-type":"","overlay-color":"","overlay-opacity":"","overlay-gradient":""},"mobile":{"background-color":"var(--ast-global-color-4)","background-image":"","background-repeat":"repeat","background-position":"center center","background-size":"auto","background-attachment":"scroll","background-type":"","background-media":"","overlay-type":"","overlay-color":"","overlay-opacity":"","overlay-gradient":""}}},"product_brand":[],"product_cat":[20],"product_tag":[],"class_list":{"0":"post-292","1":"product","2":"type-product","3":"status-publish","4":"has-post-thumbnail","6":"product_cat-t-shirt","7":"desktop-align-left","8":"tablet-align-left","9":"mobile-align-left","11":"first","12":"instock","13":"shipping-taxable","14":"purchasable","15":"product-type-variable"},"jetpack_sharing_enabled":true,"_links":{"self":[{"href":"https:\/\/ninablasband.com\/index.php?rest_route=\/wp\/v2\/product\/292","targetHints":{"allow":["GET"]}}],"collection":[{"href":"https:\/\/ninablasband.com\/index.php?rest_route=\/wp\/v2\/product"}],"about":[{"href":"https:\/\/ninablasband.com\/index.php?rest_route=\/wp\/v2\/types\/product"}],"version-history":[{"count":4,"href":"https:\/\/ninablasband.com\/index.php?rest_route=\/wp\/v2\/product\/292\/revisions"}],"predecessor-version":[{"id":570,"href":"https:\/\/ninablasband.com\/index.php?rest_route=\/wp\/v2\/product\/292\/revisions\/570"}],"wp:featuredmedia":[{"embeddable":true,"href":"https:\/\/ninablasband.com\/index.php?rest_route=\/wp\/v2\/media\/301"}],"wp:attachment":[{"href":"https:\/\/ninablasband.com\/index.php?rest_route=%2Fwp%2Fv2%2Fmedia&parent=292"}],"wp:term":[{"taxonomy":"product_brand","embeddable":true,"href":"https:\/\/ninablasband.com\/index.php?rest_route=%2Fwp%2Fv2%2Fproduct_brand&post=292"},{"taxonomy":"product_cat","embeddable":true,"href":"https:\/\/ninablasband.com\/index.php?rest_route=%2Fwp%2Fv2%2Fproduct_cat&post=292"},{"taxonomy":"product_tag","embeddable":true,"href":"https:\/\/ninablasband.com\/index.php?rest_route=%2Fwp%2Fv2%2Fproduct_tag&post=292"}],"curies":[{"name":"wp","href":"https:\/\/api.w.org\/{rel}","templated":true}]}}