{"id":260,"date":"2026-05-03T10:08:09","date_gmt":"2026-05-03T10:08:09","guid":{"rendered":"http:\/\/test.ninablasband.com\/?post_type=product&#038;p=260"},"modified":"2026-05-14T07:12:04","modified_gmt":"2026-05-14T07:12:04","slug":"aventure-rouille","status":"publish","type":"product","link":"https:\/\/ninablasband.com\/?product=aventure-rouille","title":{"rendered":"aventure &#8211; rouille"},"content":{"rendered":"<p>Le premier t-shirt \u00e0 manches longues de la boutique a \u00e9t\u00e9 imagin\u00e9 pour accompagner les cavali\u00e8res qui n\u2019ont pas peur de tracer leur propre chemin.<\/p>\n<p>Il est parfait pour t\u2019accompagner \u00e0 cheval, \u00e0 pied, dans la vie de tous les jours et surtout pour partir \u00e0 l\u2019aventure. J\u2019esp\u00e8re qu\u2019en portant ton nouveau t-shirt, tu trouveras la force d\u2019aller un petit peu plus loin, d\u2019\u00eatre un petit peu plus courageuse, de prendre un petit peu plus de place, de te faire confiance et surtout de le faire avec les chevaux.<\/p>\n<p>Je voulais vraiment alli\u00e9 le sentiment des papillons dans le ventre de la nouveaut\u00e9 et le sentiment de paix et de calme qu\u2019on trouve tous aupr\u00e8s des chevaux dans un seul et m\u00eame design. Le r\u00e9sultat c&rsquo;est cette p\u00e9pite toute douce et harmonieuse pour t&rsquo;accompagner dans tes meilleurs balades, tes plus beaux moments \u00e9questres et surtout, pour respirer.<\/p>\n<p>&nbsp;<\/p>\n","protected":false},"excerpt":{"rendered":"<p>Le premier t-shirt \u00e0 manches longues de la boutique a \u00e9t\u00e9 imagin\u00e9 pour accompagner les cavali\u00e8res qui n\u2019ont pas peur [&hellip;]<\/p>\n","protected":false},"featured_media":269,"template":"","meta":{"site-sidebar-layout":"default","site-content-layout":"","ast-site-content-layout":"default","site-content-style":"default","site-sidebar-style":"default","ast-global-header-display":"","ast-banner-title-visibility":"","ast-main-header-display":"","ast-hfb-above-header-display":"","ast-hfb-below-header-display":"","ast-hfb-mobile-header-display":"","site-post-title":"","ast-breadcrumbs-content":"","ast-featured-img":"","footer-sml-layout":"","ast-disable-related-posts":"","theme-transparent-header-meta":"default","adv-header-id-meta":"","stick-header-meta":"","header-above-stick-meta":"","header-main-stick-meta":"","header-below-stick-meta":"","astra-migrate-meta-layouts":"set","ast-page-background-enabled":"default","ast-page-background-meta":{"desktop":{"background-color":"var(--ast-global-color-5)","background-image":"","background-repeat":"repeat","background-position":"center center","background-size":"auto","background-attachment":"scroll","background-type":"","background-media":"","overlay-type":"","overlay-color":"","overlay-opacity":"","overlay-gradient":""},"tablet":{"background-color":"","background-image":"","background-repeat":"repeat","background-position":"center center","background-size":"auto","background-attachment":"scroll","background-type":"","background-media":"","overlay-type":"","overlay-color":"","overlay-opacity":"","overlay-gradient":""},"mobile":{"background-color":"","background-image":"","background-repeat":"repeat","background-position":"center center","background-size":"auto","background-attachment":"scroll","background-type":"","background-media":"","overlay-type":"","overlay-color":"","overlay-opacity":"","overlay-gradient":""}},"ast-content-background-meta":{"desktop":{"background-color":"var(--ast-global-color-4)","background-image":"","background-repeat":"repeat","background-position":"center center","background-size":"auto","background-attachment":"scroll","background-type":"","background-media":"","overlay-type":"","overlay-color":"","overlay-opacity":"","overlay-gradient":""},"tablet":{"background-color":"var(--ast-global-color-4)","background-image":"","background-repeat":"repeat","background-position":"center center","background-size":"auto","background-attachment":"scroll","background-type":"","background-media":"","overlay-type":"","overlay-color":"","overlay-opacity":"","overlay-gradient":""},"mobile":{"background-color":"var(--ast-global-color-4)","background-image":"","background-repeat":"repeat","background-position":"center center","background-size":"auto","background-attachment":"scroll","background-type":"","background-media":"","overlay-type":"","overlay-color":"","overlay-opacity":"","overlay-gradient":""}}},"product_brand":[],"product_cat":[20],"product_tag":[],"class_list":{"0":"post-260","1":"product","2":"type-product","3":"status-publish","4":"has-post-thumbnail","6":"product_cat-t-shirt","7":"desktop-align-left","8":"tablet-align-left","9":"mobile-align-left","11":"first","12":"instock","13":"shipping-taxable","14":"purchasable","15":"product-type-variable"},"jetpack_sharing_enabled":true,"_links":{"self":[{"href":"https:\/\/ninablasband.com\/index.php?rest_route=\/wp\/v2\/product\/260","targetHints":{"allow":["GET"]}}],"collection":[{"href":"https:\/\/ninablasband.com\/index.php?rest_route=\/wp\/v2\/product"}],"about":[{"href":"https:\/\/ninablasband.com\/index.php?rest_route=\/wp\/v2\/types\/product"}],"version-history":[{"count":4,"href":"https:\/\/ninablasband.com\/index.php?rest_route=\/wp\/v2\/product\/260\/revisions"}],"predecessor-version":[{"id":575,"href":"https:\/\/ninablasband.com\/index.php?rest_route=\/wp\/v2\/product\/260\/revisions\/575"}],"wp:featuredmedia":[{"embeddable":true,"href":"https:\/\/ninablasband.com\/index.php?rest_route=\/wp\/v2\/media\/269"}],"wp:attachment":[{"href":"https:\/\/ninablasband.com\/index.php?rest_route=%2Fwp%2Fv2%2Fmedia&parent=260"}],"wp:term":[{"taxonomy":"product_brand","embeddable":true,"href":"https:\/\/ninablasband.com\/index.php?rest_route=%2Fwp%2Fv2%2Fproduct_brand&post=260"},{"taxonomy":"product_cat","embeddable":true,"href":"https:\/\/ninablasband.com\/index.php?rest_route=%2Fwp%2Fv2%2Fproduct_cat&post=260"},{"taxonomy":"product_tag","embeddable":true,"href":"https:\/\/ninablasband.com\/index.php?rest_route=%2Fwp%2Fv2%2Fproduct_tag&post=260"}],"curies":[{"name":"wp","href":"https:\/\/api.w.org\/{rel}","templated":true}]}}