{"id":107,"date":"2026-05-03T08:57:04","date_gmt":"2026-05-03T08:57:04","guid":{"rendered":"http:\/\/test.ninablasband.com\/?post_type=product&#038;p=107"},"modified":"2026-05-13T06:31:26","modified_gmt":"2026-05-13T06:31:26","slug":"happy-place-hoodie-noir","status":"publish","type":"product","link":"https:\/\/ninablasband.com\/?product=happy-place-hoodie-noir","title":{"rendered":"happy place &#8211; hoodie noir"},"content":{"rendered":"<p>L\u2019endroit o\u00f9 j\u2019ai toujours \u00e9t\u00e9 heureuse, toujours entour\u00e9e et toujours bien, c\u2019est aupr\u00e8s des chevaux. C\u2019est mon happy place et si c\u2019est le tien aussi, tu es au bon endroit.<\/p>\n<p>Cette collection a une place particuli\u00e8re dans mon coeur parce c\u2019est un hommage \u00e0 Gazelle, qui nous as quitt\u00e9 \u00e0 seulement 10 ans en 2024. Elle adorait faire des bisous \u00e0 tout le monde et surtout elle a rendu ma vie intens\u00e9ment plus happy pendant les ann\u00e9es qu\u2019on a pass\u00e9es ensemble. Je refuse de me souvenir d\u2019elle pour sa fin et ce pull c\u2019est ma fa\u00e7on d\u2019immortaliser le bonheur et la joie qu\u2019elle a apport\u00e9 \u00e0 ma vie.<\/p>\n<p>Merci Gazou<\/p>\n","protected":false},"excerpt":{"rendered":"<p>L\u2019endroit o\u00f9 j\u2019ai toujours \u00e9t\u00e9 heureuse, toujours entour\u00e9e et toujours bien, c\u2019est aupr\u00e8s des chevaux. C\u2019est mon happy place et [&hellip;]<\/p>\n","protected":false},"featured_media":116,"template":"","meta":{"site-sidebar-layout":"default","site-content-layout":"","ast-site-content-layout":"default","site-content-style":"default","site-sidebar-style":"default","ast-global-header-display":"","ast-banner-title-visibility":"","ast-main-header-display":"","ast-hfb-above-header-display":"","ast-hfb-below-header-display":"","ast-hfb-mobile-header-display":"","site-post-title":"","ast-breadcrumbs-content":"","ast-featured-img":"","footer-sml-layout":"","ast-disable-related-posts":"","theme-transparent-header-meta":"default","adv-header-id-meta":"","stick-header-meta":"","header-above-stick-meta":"","header-main-stick-meta":"","header-below-stick-meta":"","astra-migrate-meta-layouts":"set","ast-page-background-enabled":"default","ast-page-background-meta":{"desktop":{"background-color":"var(--ast-global-color-5)","background-image":"","background-repeat":"repeat","background-position":"center center","background-size":"auto","background-attachment":"scroll","background-type":"","background-media":"","overlay-type":"","overlay-color":"","overlay-opacity":"","overlay-gradient":""},"tablet":{"background-color":"","background-image":"","background-repeat":"repeat","background-position":"center center","background-size":"auto","background-attachment":"scroll","background-type":"","background-media":"","overlay-type":"","overlay-color":"","overlay-opacity":"","overlay-gradient":""},"mobile":{"background-color":"","background-image":"","background-repeat":"repeat","background-position":"center center","background-size":"auto","background-attachment":"scroll","background-type":"","background-media":"","overlay-type":"","overlay-color":"","overlay-opacity":"","overlay-gradient":""}},"ast-content-background-meta":{"desktop":{"background-color":"var(--ast-global-color-4)","background-image":"","background-repeat":"repeat","background-position":"center center","background-size":"auto","background-attachment":"scroll","background-type":"","background-media":"","overlay-type":"","overlay-color":"","overlay-opacity":"","overlay-gradient":""},"tablet":{"background-color":"var(--ast-global-color-4)","background-image":"","background-repeat":"repeat","background-position":"center center","background-size":"auto","background-attachment":"scroll","background-type":"","background-media":"","overlay-type":"","overlay-color":"","overlay-opacity":"","overlay-gradient":""},"mobile":{"background-color":"var(--ast-global-color-4)","background-image":"","background-repeat":"repeat","background-position":"center center","background-size":"auto","background-attachment":"scroll","background-type":"","background-media":"","overlay-type":"","overlay-color":"","overlay-opacity":"","overlay-gradient":""}}},"product_brand":[],"product_cat":[19],"product_tag":[],"class_list":{"0":"post-107","1":"product","2":"type-product","3":"status-publish","4":"has-post-thumbnail","6":"product_cat-hoodie","7":"desktop-align-left","8":"tablet-align-left","9":"mobile-align-left","11":"first","12":"instock","13":"shipping-taxable","14":"purchasable","15":"product-type-variable"},"jetpack_sharing_enabled":true,"_links":{"self":[{"href":"https:\/\/ninablasband.com\/index.php?rest_route=\/wp\/v2\/product\/107","targetHints":{"allow":["GET"]}}],"collection":[{"href":"https:\/\/ninablasband.com\/index.php?rest_route=\/wp\/v2\/product"}],"about":[{"href":"https:\/\/ninablasband.com\/index.php?rest_route=\/wp\/v2\/types\/product"}],"version-history":[{"count":3,"href":"https:\/\/ninablasband.com\/index.php?rest_route=\/wp\/v2\/product\/107\/revisions"}],"predecessor-version":[{"id":597,"href":"https:\/\/ninablasband.com\/index.php?rest_route=\/wp\/v2\/product\/107\/revisions\/597"}],"wp:featuredmedia":[{"embeddable":true,"href":"https:\/\/ninablasband.com\/index.php?rest_route=\/wp\/v2\/media\/116"}],"wp:attachment":[{"href":"https:\/\/ninablasband.com\/index.php?rest_route=%2Fwp%2Fv2%2Fmedia&parent=107"}],"wp:term":[{"taxonomy":"product_brand","embeddable":true,"href":"https:\/\/ninablasband.com\/index.php?rest_route=%2Fwp%2Fv2%2Fproduct_brand&post=107"},{"taxonomy":"product_cat","embeddable":true,"href":"https:\/\/ninablasband.com\/index.php?rest_route=%2Fwp%2Fv2%2Fproduct_cat&post=107"},{"taxonomy":"product_tag","embeddable":true,"href":"https:\/\/ninablasband.com\/index.php?rest_route=%2Fwp%2Fv2%2Fproduct_tag&post=107"}],"curies":[{"name":"wp","href":"https:\/\/api.w.org\/{rel}","templated":true}]}}