{"id":624,"date":"2026-05-07T09:25:22","date_gmt":"2026-05-07T09:25:22","guid":{"rendered":"http:\/\/test.ninablasband.com\/?page_id=624"},"modified":"2026-05-07T09:32:59","modified_gmt":"2026-05-07T09:32:59","slug":"conditions-generales-de-vente-cgv","status":"publish","type":"page","link":"https:\/\/ninablasband.com\/?page_id=624","title":{"rendered":"conditions g\u00e9n\u00e9rales de vente (CGV)"},"content":{"rendered":"\t\t<div data-elementor-type=\"wp-page\" data-elementor-id=\"624\" class=\"elementor elementor-624\">\n\t\t\t\t<div class=\"elementor-element elementor-element-10ed4b5 e-flex e-con-boxed e-con e-parent\" data-id=\"10ed4b5\" data-element_type=\"container\" data-e-type=\"container\">\n\t\t\t\t\t<div class=\"e-con-inner\">\n\t\t\t\t\t\t\t\t<p class=\"e-paragraph-base\" data-interaction-id=\"df7afa3\"  >\n\t\t\t\t\t\t\t\t<strong id=\"e-movafseg-fu53sfg\"><u id=\"e-movafseg-cs4nf5u\">Conditions G\u00e9n\u00e9rales de Vente<\/u><\/strong><br><strong id=\"e-movafseg-psukvbz\">Objet<\/strong><br>Les pr\u00e9sentes CGV r\u00e9gissent les ventes r\u00e9alis\u00e9es sur le site <strong id=\"e-movafseg-391lc76\">nina blasband<\/strong>.<br><strong id=\"e-movafseg-071ql6l\">Produits<\/strong><br>Les produits propos\u00e9s sont d\u00e9crits et pr\u00e9sent\u00e9s avec le plus de pr\u00e9cision possible.<br>Les photographies restent non contractuelles et les couleurs peuvent varier l\u00e9g\u00e8rement.<br><strong id=\"e-movafseg-fjht4rd\">Prix<\/strong><br>Les prix sont indiqu\u00e9s en <strong id=\"e-movafseg-mar86zn\">\u20ac&nbsp;<\/strong>et incluent la TVA selon le statut l\u00e9gal de l\u2019entreprise.<br>Les frais de livraison sont indiqu\u00e9s avant validation de la commande.<br><strong id=\"e-movafseg-c1bm0mf\">Commandes<\/strong><br>Toute commande pass\u00e9e sur le site implique l\u2019acceptation des pr\u00e9sentes CGV.<br><strong id=\"e-movafseg-moga0ag\">Paiement<\/strong><br>Le paiement s\u2019effectue via<strong id=\"e-movafseg-7zbpcnj\">&nbsp;mollie ou paypal.&nbsp;<\/strong><br>La commande est valid\u00e9e apr\u00e8s r\u00e9ception du paiement.<br><strong id=\"e-movafseg-5tsqjy1\">Livraison<\/strong><br>Les d\u00e9lais de livraison sont indiqu\u00e9s \u00e0 titre estimatif.<br>La marque ne pourra \u00eatre tenue responsable des retards li\u00e9s au transporteur.<br><strong id=\"e-movafseg-zqiykcr\">Droit de r\u00e9tractation<br><\/strong>Conform\u00e9ment \u00e0 la l\u00e9gislation europ\u00e9enne, le client dispose d\u2019un d\u00e9lai de 14 jours pour exercer son droit de r\u00e9tractation.<br><strong id=\"e-movafseg-80lcrlc\">Retours<\/strong><br>Les modalit\u00e9s de retour sont pr\u00e9cis\u00e9es dans la page \u201cRetours &amp; \u00e9changes\u201d.<br><strong id=\"e-movafseg-m2wdgbg\">Responsabilit\u00e9<\/strong><br>La marque ne pourra \u00eatre tenue responsable des dommages indirects li\u00e9s \u00e0 l\u2019utilisation du site ou des produits.<br><strong id=\"e-movafseg-rgtl9gz\">Contact<\/strong><br>Pour toute question, je suis dispo \ud83d\ude42<br>nina@ninablasband.com\n\t\t\t\t\t<\/p>\n\t\t\t\t\t<\/div>\n\t\t\t\t<\/div>\n\t\t\t\t<\/div>\n\t\t","protected":false},"excerpt":{"rendered":"<p>Conditions G\u00e9n\u00e9rales de VenteObjetLes pr\u00e9sentes CGV r\u00e9gissent les ventes r\u00e9alis\u00e9es sur le site nina blasband.ProduitsLes produits propos\u00e9s sont d\u00e9crits et [&hellip;]<\/p>\n","protected":false},"author":1,"featured_media":0,"parent":0,"menu_order":0,"comment_status":"closed","ping_status":"closed","template":"","meta":{"site-sidebar-layout":"no-sidebar","site-content-layout":"","ast-site-content-layout":"full-width-container","site-content-style":"default","site-sidebar-style":"default","ast-global-header-display":"","ast-banner-title-visibility":"","ast-main-header-display":"","ast-hfb-above-header-display":"","ast-hfb-below-header-display":"","ast-hfb-mobile-header-display":"","site-post-title":"","ast-breadcrumbs-content":"","ast-featured-img":"disabled","footer-sml-layout":"","ast-disable-related-posts":"","theme-transparent-header-meta":"","adv-header-id-meta":"","stick-header-meta":"","header-above-stick-meta":"","header-main-stick-meta":"","header-below-stick-meta":"","astra-migrate-meta-layouts":"default","ast-page-background-enabled":"default","ast-page-background-meta":{"desktop":{"background-color":"var(--ast-global-color-5)","background-image":"","background-repeat":"repeat","background-position":"center center","background-size":"auto","background-attachment":"scroll","background-type":"","background-media":"","overlay-type":"","overlay-color":"","overlay-opacity":"","overlay-gradient":""},"tablet":{"background-color":"","background-image":"","background-repeat":"repeat","background-position":"center center","background-size":"auto","background-attachment":"scroll","background-type":"","background-media":"","overlay-type":"","overlay-color":"","overlay-opacity":"","overlay-gradient":""},"mobile":{"background-color":"","background-image":"","background-repeat":"repeat","background-position":"center center","background-size":"auto","background-attachment":"scroll","background-type":"","background-media":"","overlay-type":"","overlay-color":"","overlay-opacity":"","overlay-gradient":""}},"ast-content-background-meta":{"desktop":{"background-color":"var(--ast-global-color-4)","background-image":"","background-repeat":"repeat","background-position":"center center","background-size":"auto","background-attachment":"scroll","background-type":"","background-media":"","overlay-type":"","overlay-color":"","overlay-opacity":"","overlay-gradient":""},"tablet":{"background-color":"var(--ast-global-color-4)","background-image":"","background-repeat":"repeat","background-position":"center center","background-size":"auto","background-attachment":"scroll","background-type":"","background-media":"","overlay-type":"","overlay-color":"","overlay-opacity":"","overlay-gradient":""},"mobile":{"background-color":"var(--ast-global-color-4)","background-image":"","background-repeat":"repeat","background-position":"center center","background-size":"auto","background-attachment":"scroll","background-type":"","background-media":"","overlay-type":"","overlay-color":"","overlay-opacity":"","overlay-gradient":""}},"footnotes":""},"class_list":["post-624","page","type-page","status-publish","hentry"],"jetpack_sharing_enabled":true,"_links":{"self":[{"href":"https:\/\/ninablasband.com\/index.php?rest_route=\/wp\/v2\/pages\/624","targetHints":{"allow":["GET"]}}],"collection":[{"href":"https:\/\/ninablasband.com\/index.php?rest_route=\/wp\/v2\/pages"}],"about":[{"href":"https:\/\/ninablasband.com\/index.php?rest_route=\/wp\/v2\/types\/page"}],"author":[{"embeddable":true,"href":"https:\/\/ninablasband.com\/index.php?rest_route=\/wp\/v2\/users\/1"}],"replies":[{"embeddable":true,"href":"https:\/\/ninablasband.com\/index.php?rest_route=%2Fwp%2Fv2%2Fcomments&post=624"}],"version-history":[{"count":4,"href":"https:\/\/ninablasband.com\/index.php?rest_route=\/wp\/v2\/pages\/624\/revisions"}],"predecessor-version":[{"id":628,"href":"https:\/\/ninablasband.com\/index.php?rest_route=\/wp\/v2\/pages\/624\/revisions\/628"}],"wp:attachment":[{"href":"https:\/\/ninablasband.com\/index.php?rest_route=%2Fwp%2Fv2%2Fmedia&parent=624"}],"curies":[{"name":"wp","href":"https:\/\/api.w.org\/{rel}","templated":true}]}}