{"id":618,"date":"2026-05-07T09:06:24","date_gmt":"2026-05-07T09:06:24","guid":{"rendered":"http:\/\/test.ninablasband.com\/?page_id=618"},"modified":"2026-05-07T09:19:01","modified_gmt":"2026-05-07T09:19:01","slug":"retours-et-echanges","status":"publish","type":"page","link":"https:\/\/ninablasband.com\/?page_id=618","title":{"rendered":"retours et \u00e9changes"},"content":{"rendered":"\t\t<div data-elementor-type=\"wp-page\" data-elementor-id=\"618\" class=\"elementor elementor-618\">\n\t\t\t\t<div class=\"elementor-element elementor-element-52f040f e-flex e-con-boxed e-con e-parent\" data-id=\"52f040f\" data-element_type=\"container\" data-e-type=\"container\">\n\t\t\t\t\t<div class=\"e-con-inner\">\n\t\t\t\t\t\t\t\t<p class=\"e-paragraph-base\" data-interaction-id=\"736b024\"  >\n\t\t\t\t\t\t\t\tTu re\u00e7ois ton pull ou ton t-shirt et il est parfait ! mais il est un peu trop grand ? On peut faire un \u00e9change, mon objectif c'est que tu te sentes bien dedans \ud83d\ude42<br><strong id=\"e-mov9xs07-ksra2mz\"><u id=\"e-mov9xs07-d6xp94g\">ECHANGES<br><\/u><\/strong>Tu peux me contacter pour un \u00e9change jusqu'\u00e0 14 jours apr\u00e8s la r\u00e9ception de ta commande. Attention le v\u00eatement doit \u00eatre non port\u00e9, non lav\u00e9, dans son \u00e9tat d'origine et non ab\u00eem\u00e9.<br>Les frais de retours sont toujours \u00e0 charge du client, par contre en cas d'\u00e9change, je t'offre la livraison du rempla\u00e7ant \ud83d\ude42<br><strong id=\"e-mov9xs07-j2m4zzc\"><u id=\"e-mov9xs07-s48oaq7\">RETOUR<\/u><\/strong><br>Tu as 14 jours apr\u00e8s la r\u00e9ception de ta commande pour demander un retour. Attention le v\u00eatement doit \u00eatre non port\u00e9, non lav\u00e9, dans son \u00e9tat d'origine et non ab\u00eem\u00e9. Tout article qui ne respecte pas ces conditions pourra \u00eatre refus\u00e9. Les frais de retours sont toujours \u00e0 charge du client et le remboursement sera effectu\u00e9 sous 7 jours apr\u00e8s r\u00e9ception et v\u00e9rification de l'\u00e9tat de l'article via le moyen de paiement utilis\u00e9 lors de la commande.<br><strong id=\"e-mov9xs07-ahldjl1\"><u id=\"e-mov9xs07-mvhx06g\">PROCEDURE<\/u><\/strong><br>Pour tout \u00e9change ou retour, tu peux me contacter directement \u00e0 cette adresse <strong id=\"e-mov9xs07-u5xv8z0\">: nina@ninablasband.com <\/strong>et indiquer ton num\u00e9ro de commande ainsi que le ou les articles concern\u00e9s par le retour ou l'\u00e9change.\n\t\t\t\t\t<\/p>\n\t\t\t\t\t<\/div>\n\t\t\t\t<\/div>\n\t\t\t\t<\/div>\n\t\t","protected":false},"excerpt":{"rendered":"<p>Tu re\u00e7ois ton pull ou ton t-shirt et il est parfait ! mais il est un peu trop grand ? [&hellip;]<\/p>\n","protected":false},"author":1,"featured_media":0,"parent":0,"menu_order":0,"comment_status":"closed","ping_status":"closed","template":"","meta":{"site-sidebar-layout":"no-sidebar","site-content-layout":"","ast-site-content-layout":"full-width-container","site-content-style":"default","site-sidebar-style":"default","ast-global-header-display":"","ast-banner-title-visibility":"","ast-main-header-display":"","ast-hfb-above-header-display":"","ast-hfb-below-header-display":"","ast-hfb-mobile-header-display":"","site-post-title":"","ast-breadcrumbs-content":"","ast-featured-img":"disabled","footer-sml-layout":"","ast-disable-related-posts":"","theme-transparent-header-meta":"","adv-header-id-meta":"","stick-header-meta":"","header-above-stick-meta":"","header-main-stick-meta":"","header-below-stick-meta":"","astra-migrate-meta-layouts":"default","ast-page-background-enabled":"default","ast-page-background-meta":{"desktop":{"background-color":"var(--ast-global-color-5)","background-image":"","background-repeat":"repeat","background-position":"center center","background-size":"auto","background-attachment":"scroll","background-type":"","background-media":"","overlay-type":"","overlay-color":"","overlay-opacity":"","overlay-gradient":""},"tablet":{"background-color":"","background-image":"","background-repeat":"repeat","background-position":"center center","background-size":"auto","background-attachment":"scroll","background-type":"","background-media":"","overlay-type":"","overlay-color":"","overlay-opacity":"","overlay-gradient":""},"mobile":{"background-color":"","background-image":"","background-repeat":"repeat","background-position":"center center","background-size":"auto","background-attachment":"scroll","background-type":"","background-media":"","overlay-type":"","overlay-color":"","overlay-opacity":"","overlay-gradient":""}},"ast-content-background-meta":{"desktop":{"background-color":"var(--ast-global-color-4)","background-image":"","background-repeat":"repeat","background-position":"center center","background-size":"auto","background-attachment":"scroll","background-type":"","background-media":"","overlay-type":"","overlay-color":"","overlay-opacity":"","overlay-gradient":""},"tablet":{"background-color":"var(--ast-global-color-4)","background-image":"","background-repeat":"repeat","background-position":"center center","background-size":"auto","background-attachment":"scroll","background-type":"","background-media":"","overlay-type":"","overlay-color":"","overlay-opacity":"","overlay-gradient":""},"mobile":{"background-color":"var(--ast-global-color-4)","background-image":"","background-repeat":"repeat","background-position":"center center","background-size":"auto","background-attachment":"scroll","background-type":"","background-media":"","overlay-type":"","overlay-color":"","overlay-opacity":"","overlay-gradient":""}},"footnotes":""},"class_list":["post-618","page","type-page","status-publish","hentry"],"jetpack_sharing_enabled":true,"_links":{"self":[{"href":"https:\/\/ninablasband.com\/index.php?rest_route=\/wp\/v2\/pages\/618","targetHints":{"allow":["GET"]}}],"collection":[{"href":"https:\/\/ninablasband.com\/index.php?rest_route=\/wp\/v2\/pages"}],"about":[{"href":"https:\/\/ninablasband.com\/index.php?rest_route=\/wp\/v2\/types\/page"}],"author":[{"embeddable":true,"href":"https:\/\/ninablasband.com\/index.php?rest_route=\/wp\/v2\/users\/1"}],"replies":[{"embeddable":true,"href":"https:\/\/ninablasband.com\/index.php?rest_route=%2Fwp%2Fv2%2Fcomments&post=618"}],"version-history":[{"count":4,"href":"https:\/\/ninablasband.com\/index.php?rest_route=\/wp\/v2\/pages\/618\/revisions"}],"predecessor-version":[{"id":623,"href":"https:\/\/ninablasband.com\/index.php?rest_route=\/wp\/v2\/pages\/618\/revisions\/623"}],"wp:attachment":[{"href":"https:\/\/ninablasband.com\/index.php?rest_route=%2Fwp%2Fv2%2Fmedia&parent=618"}],"curies":[{"name":"wp","href":"https:\/\/api.w.org\/{rel}","templated":true}]}}