{"id":3,"date":"2026-04-27T13:55:51","date_gmt":"2026-04-27T13:55:51","guid":{"rendered":"http:\/\/test.ninablasband.com\/?page_id=3"},"modified":"2026-05-07T08:35:02","modified_gmt":"2026-05-07T08:35:02","slug":"privacy-policy","status":"publish","type":"page","link":"https:\/\/ninablasband.com\/?page_id=3","title":{"rendered":"mentions l\u00e9gales"},"content":{"rendered":"\t\t<div data-elementor-type=\"wp-page\" data-elementor-id=\"3\" class=\"elementor elementor-3\">\n\t\t\t\t<div class=\"elementor-element elementor-element-875454d e-flex e-con-boxed e-con e-parent\" data-id=\"875454d\" data-element_type=\"container\" data-e-type=\"container\">\n\t\t\t\t\t<div class=\"e-con-inner\">\n\t\t\t\t\t\t\t\t<p class=\"e-paragraph-base\" data-interaction-id=\"f5edbcc\"  >\n\t\t\t\t\t\t\t\t<strong id=\"e-mov8cq1u-nuykycz\">\u00c9diteur du site<br><\/strong>Nom de la marque : Nina Blasband<br>Responsable de publication : Nina Blasband<br>Statut : SRL<br>Adresse : 45 rue de la caserne, 1000 Bruxelles, Belgique<br>Email : nina@ninablasband.com<br>Num\u00e9ro TVA :&nbsp;BE0782299852<br><strong id=\"e-mov8cq1u-7u5pu92\">H\u00e9bergement<br><\/strong>Le site est h\u00e9berg\u00e9 par :<a target=\"_new\" href=\"https:\/\/www.ovhcloud.com\/fr\/?utm_source=chatgpt.com\" id=\"e-mov8cq1u-wuc8848\" rel=\"noopener\">OVHcloud<\/a><br>Adresse : 2 rue Kellermann, 59100 Roubaix, France(ou remplace par ton h\u00e9bergeur)<br><strong id=\"e-mov8cq1u-fo3hiae\">Propri\u00e9t\u00e9 intellectuelle<br><\/strong>L\u2019ensemble du contenu pr\u00e9sent sur ce site (textes, images, logos, designs, illustrations, produits, etc.) est prot\u00e9g\u00e9 par le droit d\u2019auteur et la propri\u00e9t\u00e9 intellectuelle.<br>Toute reproduction ou utilisation sans autorisation \u00e9crite est interdite.\n\t\t\t\t\t<\/p>\n\t\t\t\t\t<\/div>\n\t\t\t\t<\/div>\n\t\t\t\t<\/div>\n\t\t","protected":false},"excerpt":{"rendered":"<p>\u00c9diteur du siteNom de la marque : Nina BlasbandResponsable de publication : Nina BlasbandStatut : SRLAdresse : 45 rue de [&hellip;]<\/p>\n","protected":false},"author":1,"featured_media":0,"parent":0,"menu_order":0,"comment_status":"closed","ping_status":"closed","template":"","meta":{"site-sidebar-layout":"default","site-content-layout":"","ast-site-content-layout":"default","site-content-style":"default","site-sidebar-style":"default","ast-global-header-display":"","ast-banner-title-visibility":"","ast-main-header-display":"","ast-hfb-above-header-display":"","ast-hfb-below-header-display":"","ast-hfb-mobile-header-display":"","site-post-title":"","ast-breadcrumbs-content":"","ast-featured-img":"","footer-sml-layout":"","ast-disable-related-posts":"","theme-transparent-header-meta":"","adv-header-id-meta":"","stick-header-meta":"","header-above-stick-meta":"","header-main-stick-meta":"","header-below-stick-meta":"","astra-migrate-meta-layouts":"default","ast-page-background-enabled":"default","ast-page-background-meta":{"desktop":{"background-color":"var(--ast-global-color-5)","background-image":"","background-repeat":"repeat","background-position":"center center","background-size":"auto","background-attachment":"scroll","background-type":"","background-media":"","overlay-type":"","overlay-color":"","overlay-opacity":"","overlay-gradient":""},"tablet":{"background-color":"","background-image":"","background-repeat":"repeat","background-position":"center center","background-size":"auto","background-attachment":"scroll","background-type":"","background-media":"","overlay-type":"","overlay-color":"","overlay-opacity":"","overlay-gradient":""},"mobile":{"background-color":"","background-image":"","background-repeat":"repeat","background-position":"center center","background-size":"auto","background-attachment":"scroll","background-type":"","background-media":"","overlay-type":"","overlay-color":"","overlay-opacity":"","overlay-gradient":""}},"ast-content-background-meta":{"desktop":{"background-color":"var(--ast-global-color-4)","background-image":"","background-repeat":"repeat","background-position":"center center","background-size":"auto","background-attachment":"scroll","background-type":"","background-media":"","overlay-type":"","overlay-color":"","overlay-opacity":"","overlay-gradient":""},"tablet":{"background-color":"var(--ast-global-color-4)","background-image":"","background-repeat":"repeat","background-position":"center center","background-size":"auto","background-attachment":"scroll","background-type":"","background-media":"","overlay-type":"","overlay-color":"","overlay-opacity":"","overlay-gradient":""},"mobile":{"background-color":"var(--ast-global-color-4)","background-image":"","background-repeat":"repeat","background-position":"center center","background-size":"auto","background-attachment":"scroll","background-type":"","background-media":"","overlay-type":"","overlay-color":"","overlay-opacity":"","overlay-gradient":""}},"footnotes":""},"class_list":["post-3","page","type-page","status-publish","hentry"],"jetpack_sharing_enabled":true,"_links":{"self":[{"href":"https:\/\/ninablasband.com\/index.php?rest_route=\/wp\/v2\/pages\/3","targetHints":{"allow":["GET"]}}],"collection":[{"href":"https:\/\/ninablasband.com\/index.php?rest_route=\/wp\/v2\/pages"}],"about":[{"href":"https:\/\/ninablasband.com\/index.php?rest_route=\/wp\/v2\/types\/page"}],"author":[{"embeddable":true,"href":"https:\/\/ninablasband.com\/index.php?rest_route=\/wp\/v2\/users\/1"}],"replies":[{"embeddable":true,"href":"https:\/\/ninablasband.com\/index.php?rest_route=%2Fwp%2Fv2%2Fcomments&post=3"}],"version-history":[{"count":5,"href":"https:\/\/ninablasband.com\/index.php?rest_route=\/wp\/v2\/pages\/3\/revisions"}],"predecessor-version":[{"id":601,"href":"https:\/\/ninablasband.com\/index.php?rest_route=\/wp\/v2\/pages\/3\/revisions\/601"}],"wp:attachment":[{"href":"https:\/\/ninablasband.com\/index.php?rest_route=%2Fwp%2Fv2%2Fmedia&parent=3"}],"curies":[{"name":"wp","href":"https:\/\/api.w.org\/{rel}","templated":true}]}}